{"id":709,"date":"2016-02-14T17:32:03","date_gmt":"2016-02-14T16:32:03","guid":{"rendered":"http:\/\/ta-technika.eu\/?page_id=709"},"modified":"2020-02-12T13:53:35","modified_gmt":"2020-02-12T12:53:35","slug":"iso9001","status":"publish","type":"page","link":"https:\/\/ta-technika.eu\/iso9001\/","title":{"rendered":"ISO9001"},"content":{"rendered":"<p><a href=\"https:\/\/ta-technika.eu\/iso9001\/attachment\/iso9001_2015\/\"><img loading=\"lazy\" decoding=\"async\" class=\"alignright wp-image-1081 size-thumbnail\" src=\"https:\/\/ta-technika.eu\/wp-content\/uploads\/ISO9001_2015-150x150.jpeg\" alt=\"\" width=\"150\" height=\"150\" srcset=\"https:\/\/ta-technika.eu\/wp-content\/uploads\/ISO9001_2015-150x150.jpeg 150w, https:\/\/ta-technika.eu\/wp-content\/uploads\/ISO9001_2015-230x230.jpeg 230w, https:\/\/ta-technika.eu\/wp-content\/uploads\/ISO9001_2015-330x330.jpeg 330w\" sizes=\"auto, (max-width: 150px) 100vw, 150px\" \/><\/a><\/p>\n<p><span id=\"result_box\" class=\"\" lang=\"en\"><span class=\"\">Acting in accordance<\/span> <span class=\"\">with the<\/span> <span class=\"\">Quality Policy<\/span> <span class=\"\">of the company and<\/span> its main directions, <span class=\"\">we are very pleased<\/span> to announce the <span class=\"\">implementation of<\/span> procedures consistent <span class=\"\">with the requirements of<\/span> <strong>ISO 9001: 2015<\/strong>, <span class=\"\">as well as<\/span> a positive certification. (Certificate No. <span class=\"\">1948-1904<\/span> <span class=\"\">\/<\/span> 2019 \/ J\/R)<\/span><\/p>\n<p>Your feedback and guidance will be <span class=\"\">a valuable<\/span> source of information. They allow to improve our operations, <span class=\"\">thereby increasing<\/span> customer satisfaction with the cooperation <span class=\"\">with our company<\/span>.<\/p>\n<p><\/p>","protected":false},"excerpt":{"rendered":"<p>Dzia\u0142aj\u0105c zgodnie z Polityk\u0105 Jako\u015bci firmy i jej g\u0142\u00f3wnymi kierunkami, niezmiernie mi\u0142o nam poinformowa\u0107 o wdro\u017ceniu procedur zgodnych z wymaganiami ISO 9001:2009<\/p>\n","protected":false},"author":1,"featured_media":0,"parent":0,"menu_order":0,"comment_status":"closed","ping_status":"closed","template":"","meta":{"footnotes":""},"class_list":["post-709","page","type-page","status-publish","hentry"],"yoast_head":"<!-- This site is optimized with the Yoast SEO plugin v26.0 - https:\/\/yoast.com\/wordpress\/plugins\/seo\/ -->\n<title>ISO9001 - TA Technika s.c.<\/title>\n<meta name=\"robots\" content=\"index, follow, max-snippet:-1, max-image-preview:large, max-video-preview:-1\" \/>\n<link rel=\"canonical\" href=\"https:\/\/ta-technika.eu\/en\/iso9001\/\" \/>\n<meta property=\"og:locale\" content=\"en_US\" \/>\n<meta property=\"og:type\" content=\"article\" \/>\n<meta property=\"og:title\" content=\"ISO9001 - TA Technika s.c.\" \/>\n<meta property=\"og:description\" content=\"Dzia\u0142aj\u0105c zgodnie z Polityk\u0105 Jako\u015bci firmy i jej g\u0142\u00f3wnymi kierunkami, niezmiernie mi\u0142o nam poinformowa\u0107 o wdro\u017ceniu procedur zgodnych z wymaganiami ISO 9001:2009\" \/>\n<meta property=\"og:url\" content=\"https:\/\/ta-technika.eu\/en\/iso9001\/\" \/>\n<meta property=\"og:site_name\" content=\"TA Technika s.c.\" \/>\n<meta property=\"article:modified_time\" content=\"2020-02-12T12:53:35+00:00\" \/>\n<meta property=\"og:image\" content=\"https:\/\/ta-technika.eu\/wp-content\/uploads\/ISO9001_2015-212x300.jpeg\" \/>\n<meta name=\"twitter:card\" content=\"summary_large_image\" \/>\n<meta name=\"twitter:label1\" content=\"Est. reading time\" \/>\n\t<meta name=\"twitter:data1\" content=\"1 minute\" \/>\n<script type=\"application\/ld+json\" class=\"yoast-schema-graph\">{\"@context\":\"https:\/\/schema.org\",\"@graph\":[{\"@type\":\"WebPage\",\"@id\":\"https:\/\/ta-technika.eu\/en\/iso9001\/\",\"url\":\"https:\/\/ta-technika.eu\/en\/iso9001\/\",\"name\":\"ISO9001 - TA Technika s.c.\",\"isPartOf\":{\"@id\":\"https:\/\/ta-technika.eu\/en\/#website\"},\"primaryImageOfPage\":{\"@id\":\"https:\/\/ta-technika.eu\/en\/iso9001\/#primaryimage\"},\"image\":{\"@id\":\"https:\/\/ta-technika.eu\/iso9001\/#primaryimage\"},\"thumbnailUrl\":\"https:\/\/ta-technika.eu\/wp-content\/uploads\/ISO9001_2015-212x300.jpeg\",\"datePublished\":\"2016-02-14T16:32:03+00:00\",\"dateModified\":\"2020-02-12T12:53:35+00:00\",\"breadcrumb\":{\"@id\":\"https:\/\/ta-technika.eu\/en\/iso9001\/#breadcrumb\"},\"inLanguage\":\"en-US\",\"potentialAction\":[{\"@type\":\"ReadAction\",\"target\":[[\"https:\/\/ta-technika.eu\/en\/iso9001\/\"]]}]},{\"@type\":\"ImageObject\",\"inLanguage\":\"en-US\",\"@id\":\"https:\/\/ta-technika.eu\/en\/iso9001\/#primaryimage\",\"url\":\"https:\/\/ta-technika.eu\/wp-content\/uploads\/ISO9001_2015-212x300.jpeg\",\"contentUrl\":\"https:\/\/ta-technika.eu\/wp-content\/uploads\/ISO9001_2015-212x300.jpeg\"},{\"@type\":\"BreadcrumbList\",\"@id\":\"https:\/\/ta-technika.eu\/en\/iso9001\/#breadcrumb\",\"itemListElement\":[{\"@type\":\"ListItem\",\"position\":1,\"name\":\"Strona g\u0142\u00f3wna\",\"item\":\"https:\/\/ta-technika.eu\/en\/\"},{\"@type\":\"ListItem\",\"position\":2,\"name\":\"ISO9001\"}]},{\"@type\":\"WebSite\",\"@id\":\"https:\/\/ta-technika.eu\/en\/#website\",\"url\":\"https:\/\/ta-technika.eu\/en\/\",\"name\":\"TA Technika s.c.\",\"description\":\"Tools Projects CNC machining\",\"publisher\":{\"@id\":\"https:\/\/ta-technika.eu\/en\/#organization\"},\"potentialAction\":[{\"@type\":\"SearchAction\",\"target\":{\"@type\":\"EntryPoint\",\"urlTemplate\":\"https:\/\/ta-technika.eu\/en\/?s={search_term_string}\"},\"query-input\":{\"@type\":\"PropertyValueSpecification\",\"valueRequired\":true,\"valueName\":\"search_term_string\"}}],\"inLanguage\":\"en-US\"},{\"@type\":\"Organization\",\"@id\":\"https:\/\/ta-technika.eu\/en\/#organization\",\"name\":\"TA Technika s.c.\",\"url\":\"https:\/\/ta-technika.eu\/en\/\",\"logo\":{\"@type\":\"ImageObject\",\"inLanguage\":\"en-US\",\"@id\":\"https:\/\/ta-technika.eu\/en\/#\/schema\/logo\/image\/\",\"url\":\"https:\/\/ta-technika.eu\/wp-content\/uploads\/2015\/10\/Nowy-obraz-5.png\",\"contentUrl\":\"https:\/\/ta-technika.eu\/wp-content\/uploads\/2015\/10\/Nowy-obraz-5.png\",\"width\":747,\"height\":268,\"caption\":\"TA Technika s.c.\"},\"image\":{\"@id\":\"https:\/\/ta-technika.eu\/en\/#\/schema\/logo\/image\/\"}}]}<\/script>\n<!-- \/ Yoast SEO plugin. -->","yoast_head_json":{"title":"ISO9001 - TA Technika s.c.","robots":{"index":"index","follow":"follow","max-snippet":"max-snippet:-1","max-image-preview":"max-image-preview:large","max-video-preview":"max-video-preview:-1"},"canonical":"https:\/\/ta-technika.eu\/en\/iso9001\/","og_locale":"en_US","og_type":"article","og_title":"ISO9001 - TA Technika s.c.","og_description":"Dzia\u0142aj\u0105c zgodnie z Polityk\u0105 Jako\u015bci firmy i jej g\u0142\u00f3wnymi kierunkami, niezmiernie mi\u0142o nam poinformowa\u0107 o wdro\u017ceniu procedur zgodnych z wymaganiami ISO 9001:2009","og_url":"https:\/\/ta-technika.eu\/en\/iso9001\/","og_site_name":"TA Technika s.c.","article_modified_time":"2020-02-12T12:53:35+00:00","og_image":[{"url":"https:\/\/ta-technika.eu\/wp-content\/uploads\/ISO9001_2015-212x300.jpeg","type":"","width":"","height":""}],"twitter_card":"summary_large_image","twitter_misc":{"Est. reading time":"1 minute"},"schema":{"@context":"https:\/\/schema.org","@graph":[{"@type":"WebPage","@id":"https:\/\/ta-technika.eu\/en\/iso9001\/","url":"https:\/\/ta-technika.eu\/en\/iso9001\/","name":"ISO9001 - TA Technika s.c.","isPartOf":{"@id":"https:\/\/ta-technika.eu\/en\/#website"},"primaryImageOfPage":{"@id":"https:\/\/ta-technika.eu\/en\/iso9001\/#primaryimage"},"image":{"@id":"https:\/\/ta-technika.eu\/iso9001\/#primaryimage"},"thumbnailUrl":"https:\/\/ta-technika.eu\/wp-content\/uploads\/ISO9001_2015-212x300.jpeg","datePublished":"2016-02-14T16:32:03+00:00","dateModified":"2020-02-12T12:53:35+00:00","breadcrumb":{"@id":"https:\/\/ta-technika.eu\/en\/iso9001\/#breadcrumb"},"inLanguage":"en-US","potentialAction":[{"@type":"ReadAction","target":[["https:\/\/ta-technika.eu\/en\/iso9001\/"]]}]},{"@type":"ImageObject","inLanguage":"en-US","@id":"https:\/\/ta-technika.eu\/en\/iso9001\/#primaryimage","url":"https:\/\/ta-technika.eu\/wp-content\/uploads\/ISO9001_2015-212x300.jpeg","contentUrl":"https:\/\/ta-technika.eu\/wp-content\/uploads\/ISO9001_2015-212x300.jpeg"},{"@type":"BreadcrumbList","@id":"https:\/\/ta-technika.eu\/en\/iso9001\/#breadcrumb","itemListElement":[{"@type":"ListItem","position":1,"name":"Strona g\u0142\u00f3wna","item":"https:\/\/ta-technika.eu\/en\/"},{"@type":"ListItem","position":2,"name":"ISO9001"}]},{"@type":"WebSite","@id":"https:\/\/ta-technika.eu\/en\/#website","url":"https:\/\/ta-technika.eu\/en\/","name":"TA Technika s.c.","description":"Tools Projects CNC machining","publisher":{"@id":"https:\/\/ta-technika.eu\/en\/#organization"},"potentialAction":[{"@type":"SearchAction","target":{"@type":"EntryPoint","urlTemplate":"https:\/\/ta-technika.eu\/en\/?s={search_term_string}"},"query-input":{"@type":"PropertyValueSpecification","valueRequired":true,"valueName":"search_term_string"}}],"inLanguage":"en-US"},{"@type":"Organization","@id":"https:\/\/ta-technika.eu\/en\/#organization","name":"TA Technika s.c.","url":"https:\/\/ta-technika.eu\/en\/","logo":{"@type":"ImageObject","inLanguage":"en-US","@id":"https:\/\/ta-technika.eu\/en\/#\/schema\/logo\/image\/","url":"https:\/\/ta-technika.eu\/wp-content\/uploads\/2015\/10\/Nowy-obraz-5.png","contentUrl":"https:\/\/ta-technika.eu\/wp-content\/uploads\/2015\/10\/Nowy-obraz-5.png","width":747,"height":268,"caption":"TA Technika s.c."},"image":{"@id":"https:\/\/ta-technika.eu\/en\/#\/schema\/logo\/image\/"}}]}},"_links":{"self":[{"href":"https:\/\/ta-technika.eu\/en\/wp-json\/wp\/v2\/pages\/709","targetHints":{"allow":["GET"]}}],"collection":[{"href":"https:\/\/ta-technika.eu\/en\/wp-json\/wp\/v2\/pages"}],"about":[{"href":"https:\/\/ta-technika.eu\/en\/wp-json\/wp\/v2\/types\/page"}],"author":[{"embeddable":true,"href":"https:\/\/ta-technika.eu\/en\/wp-json\/wp\/v2\/users\/1"}],"replies":[{"embeddable":true,"href":"https:\/\/ta-technika.eu\/en\/wp-json\/wp\/v2\/comments?post=709"}],"version-history":[{"count":18,"href":"https:\/\/ta-technika.eu\/en\/wp-json\/wp\/v2\/pages\/709\/revisions"}],"predecessor-version":[{"id":1164,"href":"https:\/\/ta-technika.eu\/en\/wp-json\/wp\/v2\/pages\/709\/revisions\/1164"}],"wp:attachment":[{"href":"https:\/\/ta-technika.eu\/en\/wp-json\/wp\/v2\/media?parent=709"}],"curies":[{"name":"wp","href":"https:\/\/api.w.org\/{rel}","templated":true}]}}