{"id":322,"date":"2012-11-01T17:04:26","date_gmt":"2012-11-01T16:04:26","guid":{"rendered":"http:\/\/endriu.linuxpl.eu\/ta\/?page_id=322"},"modified":"2016-06-26T16:05:34","modified_gmt":"2016-06-26T15:05:34","slug":"konkurencyjnosc","status":"publish","type":"page","link":"https:\/\/ta-technika.eu\/en\/serwis\/konkurencyjnosc\/","title":{"rendered":"Konkurencyjno\u015b\u0107"},"content":{"rendered":"<p>Dzi\u0119ki ci\u0105g\u0142emu doskonaleniu naszych us\u0142ug staramy si\u0119 by\u0107 o krok przed innymi firmami. Jeste\u015bmy zawsze gotowi na nowe wyzwania, przyjmujemy zlecenia na nietypowe projekty. Zach\u0119camy do sk\u0142adania pyta\u0144 ofertowych poprzez poczt\u0119 e-mail lub telefonicznie.<\/p>\n<h3>Nasz atuty:<\/h3>\n<ul>\n<li>Wykonujemy projekty i detale ju\u017c od jednej sztuki.<\/li>\n<li>Doradzamy w doborze materia\u0142u oraz technologii produkcji.<\/li>\n<li>Szukamy optymalnych i innowacyjnych rozwi\u0105za\u0144 konstrukcyjnych.<\/li>\n<li>Na pierwszym miejscu stawiamy na rzeteln\u0105 komunikacj\u0119 z Klientem.<\/li>\n<\/ul>\n<p>Corocznie monitorujemy zadowolenie Naszych klient\u00f3w poprzez kr\u00f3tk\u0105 ankiet\u0119, dzi\u0119ki czemu stale podnosimy jako\u015b\u0107 wsp\u00f3\u0142pracy oraz jeste\u015bmy w stanie b\u0142yskawicznie reagowa\u0107 na zmiany rynkowe.<\/p>\n","protected":false},"excerpt":{"rendered":"<p>Dzi\u0119ki ci\u0105g\u0142emu doskonaleniu naszych us\u0142ug staramy si\u0119 by\u0107 o krok przed innymi firmami. Jeste\u015bmy zawsze gotowi na nowe wyzwania, przyjmujemy zlecenia na nietypowe projekty. Zach\u0119camy do sk\u0142adania pyta\u0144 ofertowych poprzez poczt\u0119 e-mail lub telefonicznie.<\/p>\n","protected":false},"author":1,"featured_media":0,"parent":463,"menu_order":0,"comment_status":"closed","ping_status":"open","template":"","meta":{"footnotes":""},"class_list":["post-322","page","type-page","status-publish","hentry"],"yoast_head":"<!-- This site is optimized with the Yoast SEO plugin v26.0 - https:\/\/yoast.com\/wordpress\/plugins\/seo\/ -->\n<title>Konkurencyjno\u015b\u0107 - TA Technika s.c.<\/title>\n<meta name=\"robots\" content=\"index, follow, max-snippet:-1, max-image-preview:large, max-video-preview:-1\" \/>\n<link rel=\"canonical\" href=\"https:\/\/ta-technika.eu\/en\/serwis\/konkurencyjnosc\/\" \/>\n<meta property=\"og:locale\" content=\"en_US\" \/>\n<meta property=\"og:type\" content=\"article\" \/>\n<meta property=\"og:title\" content=\"Konkurencyjno\u015b\u0107 - TA Technika s.c.\" \/>\n<meta property=\"og:description\" content=\"Dzi\u0119ki ci\u0105g\u0142emu doskonaleniu naszych us\u0142ug staramy si\u0119 by\u0107 o krok przed innymi firmami. Jeste\u015bmy zawsze gotowi na nowe wyzwania, przyjmujemy zlecenia na nietypowe projekty. Zach\u0119camy do sk\u0142adania pyta\u0144 ofertowych poprzez poczt\u0119 e-mail lub telefonicznie.\" \/>\n<meta property=\"og:url\" content=\"https:\/\/ta-technika.eu\/en\/serwis\/konkurencyjnosc\/\" \/>\n<meta property=\"og:site_name\" content=\"TA Technika s.c.\" \/>\n<meta property=\"article:modified_time\" content=\"2016-06-26T15:05:34+00:00\" \/>\n<meta name=\"twitter:card\" content=\"summary_large_image\" \/>\n<meta name=\"twitter:label1\" content=\"Est. reading time\" \/>\n\t<meta name=\"twitter:data1\" content=\"1 minute\" \/>\n<script type=\"application\/ld+json\" class=\"yoast-schema-graph\">{\"@context\":\"https:\/\/schema.org\",\"@graph\":[{\"@type\":\"WebPage\",\"@id\":\"https:\/\/ta-technika.eu\/en\/serwis\/konkurencyjnosc\/\",\"url\":\"https:\/\/ta-technika.eu\/en\/serwis\/konkurencyjnosc\/\",\"name\":\"Konkurencyjno\u015b\u0107 - TA Technika s.c.\",\"isPartOf\":{\"@id\":\"https:\/\/ta-technika.eu\/en\/#website\"},\"datePublished\":\"2012-11-01T16:04:26+00:00\",\"dateModified\":\"2016-06-26T15:05:34+00:00\",\"breadcrumb\":{\"@id\":\"https:\/\/ta-technika.eu\/en\/serwis\/konkurencyjnosc\/#breadcrumb\"},\"inLanguage\":\"en-US\",\"potentialAction\":[{\"@type\":\"ReadAction\",\"target\":[[\"https:\/\/ta-technika.eu\/en\/serwis\/konkurencyjnosc\/\"]]}]},{\"@type\":\"BreadcrumbList\",\"@id\":\"https:\/\/ta-technika.eu\/en\/serwis\/konkurencyjnosc\/#breadcrumb\",\"itemListElement\":[{\"@type\":\"ListItem\",\"position\":1,\"name\":\"Strona g\u0142\u00f3wna\",\"item\":\"https:\/\/ta-technika.eu\/en\/\"},{\"@type\":\"ListItem\",\"position\":2,\"name\":\"serwis\",\"item\":\"https:\/\/ta-technika.eu\/en\/serwis\/\"},{\"@type\":\"ListItem\",\"position\":3,\"name\":\"Konkurencyjno\u015b\u0107\"}]},{\"@type\":\"WebSite\",\"@id\":\"https:\/\/ta-technika.eu\/en\/#website\",\"url\":\"https:\/\/ta-technika.eu\/en\/\",\"name\":\"TA Technika s.c.\",\"description\":\"Tools Projects CNC machining\",\"publisher\":{\"@id\":\"https:\/\/ta-technika.eu\/en\/#organization\"},\"potentialAction\":[{\"@type\":\"SearchAction\",\"target\":{\"@type\":\"EntryPoint\",\"urlTemplate\":\"https:\/\/ta-technika.eu\/en\/?s={search_term_string}\"},\"query-input\":{\"@type\":\"PropertyValueSpecification\",\"valueRequired\":true,\"valueName\":\"search_term_string\"}}],\"inLanguage\":\"en-US\"},{\"@type\":\"Organization\",\"@id\":\"https:\/\/ta-technika.eu\/en\/#organization\",\"name\":\"TA Technika s.c.\",\"url\":\"https:\/\/ta-technika.eu\/en\/\",\"logo\":{\"@type\":\"ImageObject\",\"inLanguage\":\"en-US\",\"@id\":\"https:\/\/ta-technika.eu\/en\/#\/schema\/logo\/image\/\",\"url\":\"https:\/\/ta-technika.eu\/wp-content\/uploads\/2015\/10\/Nowy-obraz-5.png\",\"contentUrl\":\"https:\/\/ta-technika.eu\/wp-content\/uploads\/2015\/10\/Nowy-obraz-5.png\",\"width\":747,\"height\":268,\"caption\":\"TA Technika s.c.\"},\"image\":{\"@id\":\"https:\/\/ta-technika.eu\/en\/#\/schema\/logo\/image\/\"}}]}<\/script>\n<!-- \/ Yoast SEO plugin. -->","yoast_head_json":{"title":"Konkurencyjno\u015b\u0107 - TA Technika s.c.","robots":{"index":"index","follow":"follow","max-snippet":"max-snippet:-1","max-image-preview":"max-image-preview:large","max-video-preview":"max-video-preview:-1"},"canonical":"https:\/\/ta-technika.eu\/en\/serwis\/konkurencyjnosc\/","og_locale":"en_US","og_type":"article","og_title":"Konkurencyjno\u015b\u0107 - TA Technika s.c.","og_description":"Dzi\u0119ki ci\u0105g\u0142emu doskonaleniu naszych us\u0142ug staramy si\u0119 by\u0107 o krok przed innymi firmami. Jeste\u015bmy zawsze gotowi na nowe wyzwania, przyjmujemy zlecenia na nietypowe projekty. Zach\u0119camy do sk\u0142adania pyta\u0144 ofertowych poprzez poczt\u0119 e-mail lub telefonicznie.","og_url":"https:\/\/ta-technika.eu\/en\/serwis\/konkurencyjnosc\/","og_site_name":"TA Technika s.c.","article_modified_time":"2016-06-26T15:05:34+00:00","twitter_card":"summary_large_image","twitter_misc":{"Est. reading time":"1 minute"},"schema":{"@context":"https:\/\/schema.org","@graph":[{"@type":"WebPage","@id":"https:\/\/ta-technika.eu\/en\/serwis\/konkurencyjnosc\/","url":"https:\/\/ta-technika.eu\/en\/serwis\/konkurencyjnosc\/","name":"Konkurencyjno\u015b\u0107 - TA Technika s.c.","isPartOf":{"@id":"https:\/\/ta-technika.eu\/en\/#website"},"datePublished":"2012-11-01T16:04:26+00:00","dateModified":"2016-06-26T15:05:34+00:00","breadcrumb":{"@id":"https:\/\/ta-technika.eu\/en\/serwis\/konkurencyjnosc\/#breadcrumb"},"inLanguage":"en-US","potentialAction":[{"@type":"ReadAction","target":[["https:\/\/ta-technika.eu\/en\/serwis\/konkurencyjnosc\/"]]}]},{"@type":"BreadcrumbList","@id":"https:\/\/ta-technika.eu\/en\/serwis\/konkurencyjnosc\/#breadcrumb","itemListElement":[{"@type":"ListItem","position":1,"name":"Strona g\u0142\u00f3wna","item":"https:\/\/ta-technika.eu\/en\/"},{"@type":"ListItem","position":2,"name":"serwis","item":"https:\/\/ta-technika.eu\/en\/serwis\/"},{"@type":"ListItem","position":3,"name":"Konkurencyjno\u015b\u0107"}]},{"@type":"WebSite","@id":"https:\/\/ta-technika.eu\/en\/#website","url":"https:\/\/ta-technika.eu\/en\/","name":"TA Technika s.c.","description":"Tools Projects CNC machining","publisher":{"@id":"https:\/\/ta-technika.eu\/en\/#organization"},"potentialAction":[{"@type":"SearchAction","target":{"@type":"EntryPoint","urlTemplate":"https:\/\/ta-technika.eu\/en\/?s={search_term_string}"},"query-input":{"@type":"PropertyValueSpecification","valueRequired":true,"valueName":"search_term_string"}}],"inLanguage":"en-US"},{"@type":"Organization","@id":"https:\/\/ta-technika.eu\/en\/#organization","name":"TA Technika s.c.","url":"https:\/\/ta-technika.eu\/en\/","logo":{"@type":"ImageObject","inLanguage":"en-US","@id":"https:\/\/ta-technika.eu\/en\/#\/schema\/logo\/image\/","url":"https:\/\/ta-technika.eu\/wp-content\/uploads\/2015\/10\/Nowy-obraz-5.png","contentUrl":"https:\/\/ta-technika.eu\/wp-content\/uploads\/2015\/10\/Nowy-obraz-5.png","width":747,"height":268,"caption":"TA Technika s.c."},"image":{"@id":"https:\/\/ta-technika.eu\/en\/#\/schema\/logo\/image\/"}}]}},"_links":{"self":[{"href":"https:\/\/ta-technika.eu\/en\/wp-json\/wp\/v2\/pages\/322","targetHints":{"allow":["GET"]}}],"collection":[{"href":"https:\/\/ta-technika.eu\/en\/wp-json\/wp\/v2\/pages"}],"about":[{"href":"https:\/\/ta-technika.eu\/en\/wp-json\/wp\/v2\/types\/page"}],"author":[{"embeddable":true,"href":"https:\/\/ta-technika.eu\/en\/wp-json\/wp\/v2\/users\/1"}],"replies":[{"embeddable":true,"href":"https:\/\/ta-technika.eu\/en\/wp-json\/wp\/v2\/comments?post=322"}],"version-history":[{"count":11,"href":"https:\/\/ta-technika.eu\/en\/wp-json\/wp\/v2\/pages\/322\/revisions"}],"predecessor-version":[{"id":776,"href":"https:\/\/ta-technika.eu\/en\/wp-json\/wp\/v2\/pages\/322\/revisions\/776"}],"up":[{"embeddable":true,"href":"https:\/\/ta-technika.eu\/en\/wp-json\/wp\/v2\/pages\/463"}],"wp:attachment":[{"href":"https:\/\/ta-technika.eu\/en\/wp-json\/wp\/v2\/media?parent=322"}],"curies":[{"name":"wp","href":"https:\/\/api.w.org\/{rel}","templated":true}]}}