{"id":319,"date":"2012-11-01T17:01:26","date_gmt":"2012-11-01T16:01:26","guid":{"rendered":"http:\/\/endriu.linuxpl.eu\/ta\/?page_id=319"},"modified":"2016-06-26T16:18:20","modified_gmt":"2016-06-26T15:18:20","slug":"jakosc","status":"publish","type":"page","link":"https:\/\/ta-technika.eu\/en\/serwis\/jakosc\/","title":{"rendered":"Jako\u015b\u0107"},"content":{"rendered":"<blockquote>\n<h3>Dostarczamy produkty, kt\u00f3re odpowiadaj\u0105 potrzebom i oczekiwaniom naszych klient\u00f3w za pierwszym razem, <span style=\"color: #0000ff;\">ka\u017cdym razem.<\/span><\/h3>\n<\/blockquote>\n<h2><\/h2>\n<p>Jako\u015b\u0107 naszych produkt\u00f3w i us\u0142ug zosta\u0142a doceniona przez Naszych obecnych kontrahent\u00f3w. U\u00a0 nas standardem jest protok\u00f3\u0142 pomiarowy CMM przygotowany przez niezale\u017cn\u0105 certyfikowan\u0105 jednostk\u0119 i do\u0142\u0105czony do sprawdzian\u00f3w kontrolnych.<\/p>\n<p>O systemowym podej\u015bciu do kontroli wyrob\u00f3w \u015bwiadczy wdro\u017cenie niezb\u0119dnych procedur i uzyskany certyfikat ISO 9001.<\/p>\n<p><img loading=\"lazy\" decoding=\"async\" class=\"alignright wp-image-505\" src=\"http:\/\/ta-technika.eu\/wp-content\/uploads\/2012\/11\/drawing.png\" alt=\"Jako\u015b\u0107 wyrob\u00f3w TA Technika\" width=\"358\" height=\"254\" srcset=\"https:\/\/ta-technika.eu\/wp-content\/uploads\/2012\/11\/drawing.png 448w, https:\/\/ta-technika.eu\/wp-content\/uploads\/2012\/11\/drawing-300x212.png 300w\" sizes=\"auto, (max-width: 358px) 100vw, 358px\" \/><\/p>\n<p>&nbsp;<\/p>\n<p>W trosce o naszego klienta oraz renom\u0119 naszej firmy k\u0142adziemy du\u017cy nacisk na Jako\u015b\u0107 oferowanego przez nas produktu. Takie podej\u015bcie gwarantuje sprawn\u0105 oraz rzeteln\u0105 wsp\u00f3\u0142prac\u0119.<\/p>\n<h3>Dlaczego My?<\/h3>\n<p>Na wyb\u00f3r przysz\u0142ego dostawcy wp\u0142ywa wiele czynnik\u00f3w, nie zawsze najni\u017csza cena jest tym najlepszym. Zamawiaj\u0105c us\u0142ug\u0119 w Naszej Firmie masz gwarancj\u0119 profesjonalnego podej\u015bcia i obs\u0142ugi na ka\u017cdym etapie realizacji zam\u00f3wienia.<\/p>\n<ul>\n<li><a href=\"http:\/\/ta-technika.eu\/iso9001\/\">Certyfikat ISO9001 jako gwarancja zgodno\u015bci detali z dokumentacj\u0105.<\/a><\/li>\n<li>Mo\u017cliwo\u015b\u0107 sprawdzenia produkowanych sprawdzian\u00f3w kontrolnych przez niezale\u017cn\u0105 jednostk\u0119.<\/li>\n<li>Systemowe podej\u015bcie ju\u017c na etapie tworzenia technologii produkcji.<\/li>\n<\/ul>\n","protected":false},"excerpt":{"rendered":"<p>Dostarczamy produkty, kt\u00f3re odpowiadaj\u0105 potrzebom i oczekiwaniom nszych klient\u00f3w za pierwszym razem, ka\u017cdym razem.<\/p>\n","protected":false},"author":1,"featured_media":0,"parent":463,"menu_order":0,"comment_status":"closed","ping_status":"open","template":"","meta":{"footnotes":""},"class_list":["post-319","page","type-page","status-publish","hentry"],"yoast_head":"<!-- This site is optimized with the Yoast SEO plugin v26.0 - https:\/\/yoast.com\/wordpress\/plugins\/seo\/ -->\n<title>Jako\u015b\u0107 - TA Technika s.c.<\/title>\n<meta name=\"robots\" content=\"index, follow, max-snippet:-1, max-image-preview:large, max-video-preview:-1\" \/>\n<link rel=\"canonical\" href=\"https:\/\/ta-technika.eu\/en\/serwis\/jakosc\/\" \/>\n<meta property=\"og:locale\" content=\"en_US\" \/>\n<meta property=\"og:type\" content=\"article\" \/>\n<meta property=\"og:title\" content=\"Jako\u015b\u0107 - TA Technika s.c.\" \/>\n<meta property=\"og:description\" content=\"Dostarczamy produkty, kt\u00f3re odpowiadaj\u0105 potrzebom i oczekiwaniom nszych klient\u00f3w za pierwszym razem, ka\u017cdym razem.\" \/>\n<meta property=\"og:url\" content=\"https:\/\/ta-technika.eu\/en\/serwis\/jakosc\/\" \/>\n<meta property=\"og:site_name\" content=\"TA Technika s.c.\" \/>\n<meta property=\"article:modified_time\" content=\"2016-06-26T15:18:20+00:00\" \/>\n<meta property=\"og:image\" content=\"http:\/\/ta-technika.eu\/wp-content\/uploads\/2012\/11\/drawing.png\" \/>\n<meta name=\"twitter:card\" content=\"summary_large_image\" \/>\n<meta name=\"twitter:label1\" content=\"Est. reading time\" \/>\n\t<meta name=\"twitter:data1\" content=\"1 minute\" \/>\n<script type=\"application\/ld+json\" class=\"yoast-schema-graph\">{\"@context\":\"https:\/\/schema.org\",\"@graph\":[{\"@type\":\"WebPage\",\"@id\":\"https:\/\/ta-technika.eu\/en\/serwis\/jakosc\/\",\"url\":\"https:\/\/ta-technika.eu\/en\/serwis\/jakosc\/\",\"name\":\"Jako\u015b\u0107 - TA Technika s.c.\",\"isPartOf\":{\"@id\":\"https:\/\/ta-technika.eu\/en\/#website\"},\"primaryImageOfPage\":{\"@id\":\"https:\/\/ta-technika.eu\/en\/serwis\/jakosc\/#primaryimage\"},\"image\":{\"@id\":\"https:\/\/ta-technika.eu\/en\/serwis\/jakosc\/#primaryimage\"},\"thumbnailUrl\":\"http:\/\/ta-technika.eu\/wp-content\/uploads\/2012\/11\/drawing.png\",\"datePublished\":\"2012-11-01T16:01:26+00:00\",\"dateModified\":\"2016-06-26T15:18:20+00:00\",\"breadcrumb\":{\"@id\":\"https:\/\/ta-technika.eu\/en\/serwis\/jakosc\/#breadcrumb\"},\"inLanguage\":\"en-US\",\"potentialAction\":[{\"@type\":\"ReadAction\",\"target\":[[\"https:\/\/ta-technika.eu\/en\/serwis\/jakosc\/\"]]}]},{\"@type\":\"ImageObject\",\"inLanguage\":\"en-US\",\"@id\":\"https:\/\/ta-technika.eu\/en\/serwis\/jakosc\/#primaryimage\",\"url\":\"http:\/\/ta-technika.eu\/wp-content\/uploads\/2012\/11\/drawing.png\",\"contentUrl\":\"http:\/\/ta-technika.eu\/wp-content\/uploads\/2012\/11\/drawing.png\"},{\"@type\":\"BreadcrumbList\",\"@id\":\"https:\/\/ta-technika.eu\/en\/serwis\/jakosc\/#breadcrumb\",\"itemListElement\":[{\"@type\":\"ListItem\",\"position\":1,\"name\":\"Strona g\u0142\u00f3wna\",\"item\":\"https:\/\/ta-technika.eu\/en\/\"},{\"@type\":\"ListItem\",\"position\":2,\"name\":\"serwis\",\"item\":\"https:\/\/ta-technika.eu\/en\/serwis\/\"},{\"@type\":\"ListItem\",\"position\":3,\"name\":\"Jako\u015b\u0107\"}]},{\"@type\":\"WebSite\",\"@id\":\"https:\/\/ta-technika.eu\/en\/#website\",\"url\":\"https:\/\/ta-technika.eu\/en\/\",\"name\":\"TA Technika s.c.\",\"description\":\"Tools Projects CNC machining\",\"publisher\":{\"@id\":\"https:\/\/ta-technika.eu\/en\/#organization\"},\"potentialAction\":[{\"@type\":\"SearchAction\",\"target\":{\"@type\":\"EntryPoint\",\"urlTemplate\":\"https:\/\/ta-technika.eu\/en\/?s={search_term_string}\"},\"query-input\":{\"@type\":\"PropertyValueSpecification\",\"valueRequired\":true,\"valueName\":\"search_term_string\"}}],\"inLanguage\":\"en-US\"},{\"@type\":\"Organization\",\"@id\":\"https:\/\/ta-technika.eu\/en\/#organization\",\"name\":\"TA Technika s.c.\",\"url\":\"https:\/\/ta-technika.eu\/en\/\",\"logo\":{\"@type\":\"ImageObject\",\"inLanguage\":\"en-US\",\"@id\":\"https:\/\/ta-technika.eu\/en\/#\/schema\/logo\/image\/\",\"url\":\"https:\/\/ta-technika.eu\/wp-content\/uploads\/2015\/10\/Nowy-obraz-5.png\",\"contentUrl\":\"https:\/\/ta-technika.eu\/wp-content\/uploads\/2015\/10\/Nowy-obraz-5.png\",\"width\":747,\"height\":268,\"caption\":\"TA Technika s.c.\"},\"image\":{\"@id\":\"https:\/\/ta-technika.eu\/en\/#\/schema\/logo\/image\/\"}}]}<\/script>\n<!-- \/ Yoast SEO plugin. -->","yoast_head_json":{"title":"Jako\u015b\u0107 - TA Technika s.c.","robots":{"index":"index","follow":"follow","max-snippet":"max-snippet:-1","max-image-preview":"max-image-preview:large","max-video-preview":"max-video-preview:-1"},"canonical":"https:\/\/ta-technika.eu\/en\/serwis\/jakosc\/","og_locale":"en_US","og_type":"article","og_title":"Jako\u015b\u0107 - TA Technika s.c.","og_description":"Dostarczamy produkty, kt\u00f3re odpowiadaj\u0105 potrzebom i oczekiwaniom nszych klient\u00f3w za pierwszym razem, ka\u017cdym razem.","og_url":"https:\/\/ta-technika.eu\/en\/serwis\/jakosc\/","og_site_name":"TA Technika s.c.","article_modified_time":"2016-06-26T15:18:20+00:00","og_image":[{"url":"http:\/\/ta-technika.eu\/wp-content\/uploads\/2012\/11\/drawing.png","type":"","width":"","height":""}],"twitter_card":"summary_large_image","twitter_misc":{"Est. reading time":"1 minute"},"schema":{"@context":"https:\/\/schema.org","@graph":[{"@type":"WebPage","@id":"https:\/\/ta-technika.eu\/en\/serwis\/jakosc\/","url":"https:\/\/ta-technika.eu\/en\/serwis\/jakosc\/","name":"Jako\u015b\u0107 - TA Technika s.c.","isPartOf":{"@id":"https:\/\/ta-technika.eu\/en\/#website"},"primaryImageOfPage":{"@id":"https:\/\/ta-technika.eu\/en\/serwis\/jakosc\/#primaryimage"},"image":{"@id":"https:\/\/ta-technika.eu\/en\/serwis\/jakosc\/#primaryimage"},"thumbnailUrl":"http:\/\/ta-technika.eu\/wp-content\/uploads\/2012\/11\/drawing.png","datePublished":"2012-11-01T16:01:26+00:00","dateModified":"2016-06-26T15:18:20+00:00","breadcrumb":{"@id":"https:\/\/ta-technika.eu\/en\/serwis\/jakosc\/#breadcrumb"},"inLanguage":"en-US","potentialAction":[{"@type":"ReadAction","target":[["https:\/\/ta-technika.eu\/en\/serwis\/jakosc\/"]]}]},{"@type":"ImageObject","inLanguage":"en-US","@id":"https:\/\/ta-technika.eu\/en\/serwis\/jakosc\/#primaryimage","url":"http:\/\/ta-technika.eu\/wp-content\/uploads\/2012\/11\/drawing.png","contentUrl":"http:\/\/ta-technika.eu\/wp-content\/uploads\/2012\/11\/drawing.png"},{"@type":"BreadcrumbList","@id":"https:\/\/ta-technika.eu\/en\/serwis\/jakosc\/#breadcrumb","itemListElement":[{"@type":"ListItem","position":1,"name":"Strona g\u0142\u00f3wna","item":"https:\/\/ta-technika.eu\/en\/"},{"@type":"ListItem","position":2,"name":"serwis","item":"https:\/\/ta-technika.eu\/en\/serwis\/"},{"@type":"ListItem","position":3,"name":"Jako\u015b\u0107"}]},{"@type":"WebSite","@id":"https:\/\/ta-technika.eu\/en\/#website","url":"https:\/\/ta-technika.eu\/en\/","name":"TA Technika s.c.","description":"Tools Projects CNC machining","publisher":{"@id":"https:\/\/ta-technika.eu\/en\/#organization"},"potentialAction":[{"@type":"SearchAction","target":{"@type":"EntryPoint","urlTemplate":"https:\/\/ta-technika.eu\/en\/?s={search_term_string}"},"query-input":{"@type":"PropertyValueSpecification","valueRequired":true,"valueName":"search_term_string"}}],"inLanguage":"en-US"},{"@type":"Organization","@id":"https:\/\/ta-technika.eu\/en\/#organization","name":"TA Technika s.c.","url":"https:\/\/ta-technika.eu\/en\/","logo":{"@type":"ImageObject","inLanguage":"en-US","@id":"https:\/\/ta-technika.eu\/en\/#\/schema\/logo\/image\/","url":"https:\/\/ta-technika.eu\/wp-content\/uploads\/2015\/10\/Nowy-obraz-5.png","contentUrl":"https:\/\/ta-technika.eu\/wp-content\/uploads\/2015\/10\/Nowy-obraz-5.png","width":747,"height":268,"caption":"TA Technika s.c."},"image":{"@id":"https:\/\/ta-technika.eu\/en\/#\/schema\/logo\/image\/"}}]}},"_links":{"self":[{"href":"https:\/\/ta-technika.eu\/en\/wp-json\/wp\/v2\/pages\/319","targetHints":{"allow":["GET"]}}],"collection":[{"href":"https:\/\/ta-technika.eu\/en\/wp-json\/wp\/v2\/pages"}],"about":[{"href":"https:\/\/ta-technika.eu\/en\/wp-json\/wp\/v2\/types\/page"}],"author":[{"embeddable":true,"href":"https:\/\/ta-technika.eu\/en\/wp-json\/wp\/v2\/users\/1"}],"replies":[{"embeddable":true,"href":"https:\/\/ta-technika.eu\/en\/wp-json\/wp\/v2\/comments?post=319"}],"version-history":[{"count":12,"href":"https:\/\/ta-technika.eu\/en\/wp-json\/wp\/v2\/pages\/319\/revisions"}],"predecessor-version":[{"id":781,"href":"https:\/\/ta-technika.eu\/en\/wp-json\/wp\/v2\/pages\/319\/revisions\/781"}],"up":[{"embeddable":true,"href":"https:\/\/ta-technika.eu\/en\/wp-json\/wp\/v2\/pages\/463"}],"wp:attachment":[{"href":"https:\/\/ta-technika.eu\/en\/wp-json\/wp\/v2\/media?parent=319"}],"curies":[{"name":"wp","href":"https:\/\/api.w.org\/{rel}","templated":true}]}}