{"id":301,"date":"2012-11-01T16:04:11","date_gmt":"2012-11-01T15:04:11","guid":{"rendered":"http:\/\/endriu.linuxpl.eu\/ta\/?page_id=301"},"modified":"2016-11-27T17:52:02","modified_gmt":"2016-11-27T16:52:02","slug":"terminowosc","status":"publish","type":"page","link":"https:\/\/ta-technika.eu\/en\/serwis\/terminowosc\/","title":{"rendered":"Terminowo\u015b\u0107"},"content":{"rendered":"<p style=\"text-align: justify;\">W celu usprawnienia wsp\u00f3\u0142pracy na \u017cyczenie Naszych klient\u00f3w dostarczamy harmonogram prac wraz z kluczowymi datami dla realizowanego projektu. Pozwala to Naszym klientom uzyska\u0107 wiedz\u0119 na jakim etapie znajduje si\u0119 dany wyr\u00f3b. Dzi\u0119ki takim dzia\u0142aniom uzyskujemy efektywn\u0105 oraz terminow\u0105 wsp\u00f3\u0142prac\u0119.<\/p>\n<p>Jak pokaza\u0142y ostatnie lata wsp\u00f3\u0142pracy z firmami z r\u00f3\u017cnych bran\u017c, naszym najwi\u0119kszym atutem jest komunikacja. Pozwala to na ci\u0105g\u0142e utrzymywanie dostaw &#8220;na czas&#8221; na poziomie powy\u017cej 96%, a dzi\u0119ki umowie z firmami kurierskimi jeste\u015bmy w stanie dostarczy\u0107 paczk\u0119 w 24H.<\/p>\n","protected":false},"excerpt":{"rendered":"<p>W celu usprawnienia wsp\u00f3\u0142pracy na \u017cyczenie Naszych klient\u00f3w dostarczamy harmonogram prac wraz z kluczowymi datami dla realizowanego projektu. Pozwala to Naszym klientom uzyska\u0107 wiedz\u0119 na jakim etapie znajduje si\u0119 dany wyr\u00f3b. Dzi\u0119ki takim dzia\u0142aniom uzyskujemy efektywn\u0105 oraz terminow\u0105 wsp\u00f3\u0142prac\u0119.<\/p>\n","protected":false},"author":1,"featured_media":0,"parent":463,"menu_order":0,"comment_status":"closed","ping_status":"open","template":"","meta":{"footnotes":""},"class_list":["post-301","page","type-page","status-publish","hentry"],"yoast_head":"<!-- This site is optimized with the Yoast SEO plugin v26.0 - https:\/\/yoast.com\/wordpress\/plugins\/seo\/ -->\n<title>Terminowo\u015b\u0107 - TA Technika s.c.<\/title>\n<meta name=\"robots\" content=\"index, follow, max-snippet:-1, max-image-preview:large, max-video-preview:-1\" \/>\n<link rel=\"canonical\" href=\"https:\/\/ta-technika.eu\/en\/serwis\/terminowosc\/\" \/>\n<meta property=\"og:locale\" content=\"en_US\" \/>\n<meta property=\"og:type\" content=\"article\" \/>\n<meta property=\"og:title\" content=\"Terminowo\u015b\u0107 - TA Technika s.c.\" \/>\n<meta property=\"og:description\" content=\"W celu usprawnienia wsp\u00f3\u0142pracy na \u017cyczenie Naszych klient\u00f3w dostarczamy harmonogram prac wraz z kluczowymi datami dla realizowanego projektu. Pozwala to Naszym klientom uzyska\u0107 wiedz\u0119 na jakim etapie znajduje si\u0119 dany wyr\u00f3b. Dzi\u0119ki takim dzia\u0142aniom uzyskujemy efektywn\u0105 oraz terminow\u0105 wsp\u00f3\u0142prac\u0119.\" \/>\n<meta property=\"og:url\" content=\"https:\/\/ta-technika.eu\/en\/serwis\/terminowosc\/\" \/>\n<meta property=\"og:site_name\" content=\"TA Technika s.c.\" \/>\n<meta property=\"article:modified_time\" content=\"2016-11-27T16:52:02+00:00\" \/>\n<meta name=\"twitter:card\" content=\"summary_large_image\" \/>\n<script type=\"application\/ld+json\" class=\"yoast-schema-graph\">{\"@context\":\"https:\/\/schema.org\",\"@graph\":[{\"@type\":\"WebPage\",\"@id\":\"https:\/\/ta-technika.eu\/en\/serwis\/terminowosc\/\",\"url\":\"https:\/\/ta-technika.eu\/en\/serwis\/terminowosc\/\",\"name\":\"Terminowo\u015b\u0107 - TA Technika s.c.\",\"isPartOf\":{\"@id\":\"https:\/\/ta-technika.eu\/en\/#website\"},\"datePublished\":\"2012-11-01T15:04:11+00:00\",\"dateModified\":\"2016-11-27T16:52:02+00:00\",\"breadcrumb\":{\"@id\":\"https:\/\/ta-technika.eu\/en\/serwis\/terminowosc\/#breadcrumb\"},\"inLanguage\":\"en-US\",\"potentialAction\":[{\"@type\":\"ReadAction\",\"target\":[[\"https:\/\/ta-technika.eu\/en\/serwis\/terminowosc\/\"]]}]},{\"@type\":\"BreadcrumbList\",\"@id\":\"https:\/\/ta-technika.eu\/en\/serwis\/terminowosc\/#breadcrumb\",\"itemListElement\":[{\"@type\":\"ListItem\",\"position\":1,\"name\":\"Strona g\u0142\u00f3wna\",\"item\":\"https:\/\/ta-technika.eu\/en\/\"},{\"@type\":\"ListItem\",\"position\":2,\"name\":\"serwis\",\"item\":\"https:\/\/ta-technika.eu\/en\/serwis\/\"},{\"@type\":\"ListItem\",\"position\":3,\"name\":\"Terminowo\u015b\u0107\"}]},{\"@type\":\"WebSite\",\"@id\":\"https:\/\/ta-technika.eu\/en\/#website\",\"url\":\"https:\/\/ta-technika.eu\/en\/\",\"name\":\"TA Technika s.c.\",\"description\":\"Tools Projects CNC machining\",\"publisher\":{\"@id\":\"https:\/\/ta-technika.eu\/en\/#organization\"},\"potentialAction\":[{\"@type\":\"SearchAction\",\"target\":{\"@type\":\"EntryPoint\",\"urlTemplate\":\"https:\/\/ta-technika.eu\/en\/?s={search_term_string}\"},\"query-input\":{\"@type\":\"PropertyValueSpecification\",\"valueRequired\":true,\"valueName\":\"search_term_string\"}}],\"inLanguage\":\"en-US\"},{\"@type\":\"Organization\",\"@id\":\"https:\/\/ta-technika.eu\/en\/#organization\",\"name\":\"TA Technika s.c.\",\"url\":\"https:\/\/ta-technika.eu\/en\/\",\"logo\":{\"@type\":\"ImageObject\",\"inLanguage\":\"en-US\",\"@id\":\"https:\/\/ta-technika.eu\/en\/#\/schema\/logo\/image\/\",\"url\":\"https:\/\/ta-technika.eu\/wp-content\/uploads\/2015\/10\/Nowy-obraz-5.png\",\"contentUrl\":\"https:\/\/ta-technika.eu\/wp-content\/uploads\/2015\/10\/Nowy-obraz-5.png\",\"width\":747,\"height\":268,\"caption\":\"TA Technika s.c.\"},\"image\":{\"@id\":\"https:\/\/ta-technika.eu\/en\/#\/schema\/logo\/image\/\"}}]}<\/script>\n<!-- \/ Yoast SEO plugin. -->","yoast_head_json":{"title":"Terminowo\u015b\u0107 - TA Technika s.c.","robots":{"index":"index","follow":"follow","max-snippet":"max-snippet:-1","max-image-preview":"max-image-preview:large","max-video-preview":"max-video-preview:-1"},"canonical":"https:\/\/ta-technika.eu\/en\/serwis\/terminowosc\/","og_locale":"en_US","og_type":"article","og_title":"Terminowo\u015b\u0107 - TA Technika s.c.","og_description":"W celu usprawnienia wsp\u00f3\u0142pracy na \u017cyczenie Naszych klient\u00f3w dostarczamy harmonogram prac wraz z kluczowymi datami dla realizowanego projektu. Pozwala to Naszym klientom uzyska\u0107 wiedz\u0119 na jakim etapie znajduje si\u0119 dany wyr\u00f3b. Dzi\u0119ki takim dzia\u0142aniom uzyskujemy efektywn\u0105 oraz terminow\u0105 wsp\u00f3\u0142prac\u0119.","og_url":"https:\/\/ta-technika.eu\/en\/serwis\/terminowosc\/","og_site_name":"TA Technika s.c.","article_modified_time":"2016-11-27T16:52:02+00:00","twitter_card":"summary_large_image","schema":{"@context":"https:\/\/schema.org","@graph":[{"@type":"WebPage","@id":"https:\/\/ta-technika.eu\/en\/serwis\/terminowosc\/","url":"https:\/\/ta-technika.eu\/en\/serwis\/terminowosc\/","name":"Terminowo\u015b\u0107 - TA Technika s.c.","isPartOf":{"@id":"https:\/\/ta-technika.eu\/en\/#website"},"datePublished":"2012-11-01T15:04:11+00:00","dateModified":"2016-11-27T16:52:02+00:00","breadcrumb":{"@id":"https:\/\/ta-technika.eu\/en\/serwis\/terminowosc\/#breadcrumb"},"inLanguage":"en-US","potentialAction":[{"@type":"ReadAction","target":[["https:\/\/ta-technika.eu\/en\/serwis\/terminowosc\/"]]}]},{"@type":"BreadcrumbList","@id":"https:\/\/ta-technika.eu\/en\/serwis\/terminowosc\/#breadcrumb","itemListElement":[{"@type":"ListItem","position":1,"name":"Strona g\u0142\u00f3wna","item":"https:\/\/ta-technika.eu\/en\/"},{"@type":"ListItem","position":2,"name":"serwis","item":"https:\/\/ta-technika.eu\/en\/serwis\/"},{"@type":"ListItem","position":3,"name":"Terminowo\u015b\u0107"}]},{"@type":"WebSite","@id":"https:\/\/ta-technika.eu\/en\/#website","url":"https:\/\/ta-technika.eu\/en\/","name":"TA Technika s.c.","description":"Tools Projects CNC machining","publisher":{"@id":"https:\/\/ta-technika.eu\/en\/#organization"},"potentialAction":[{"@type":"SearchAction","target":{"@type":"EntryPoint","urlTemplate":"https:\/\/ta-technika.eu\/en\/?s={search_term_string}"},"query-input":{"@type":"PropertyValueSpecification","valueRequired":true,"valueName":"search_term_string"}}],"inLanguage":"en-US"},{"@type":"Organization","@id":"https:\/\/ta-technika.eu\/en\/#organization","name":"TA Technika s.c.","url":"https:\/\/ta-technika.eu\/en\/","logo":{"@type":"ImageObject","inLanguage":"en-US","@id":"https:\/\/ta-technika.eu\/en\/#\/schema\/logo\/image\/","url":"https:\/\/ta-technika.eu\/wp-content\/uploads\/2015\/10\/Nowy-obraz-5.png","contentUrl":"https:\/\/ta-technika.eu\/wp-content\/uploads\/2015\/10\/Nowy-obraz-5.png","width":747,"height":268,"caption":"TA Technika s.c."},"image":{"@id":"https:\/\/ta-technika.eu\/en\/#\/schema\/logo\/image\/"}}]}},"_links":{"self":[{"href":"https:\/\/ta-technika.eu\/en\/wp-json\/wp\/v2\/pages\/301","targetHints":{"allow":["GET"]}}],"collection":[{"href":"https:\/\/ta-technika.eu\/en\/wp-json\/wp\/v2\/pages"}],"about":[{"href":"https:\/\/ta-technika.eu\/en\/wp-json\/wp\/v2\/types\/page"}],"author":[{"embeddable":true,"href":"https:\/\/ta-technika.eu\/en\/wp-json\/wp\/v2\/users\/1"}],"replies":[{"embeddable":true,"href":"https:\/\/ta-technika.eu\/en\/wp-json\/wp\/v2\/comments?post=301"}],"version-history":[{"count":8,"href":"https:\/\/ta-technika.eu\/en\/wp-json\/wp\/v2\/pages\/301\/revisions"}],"predecessor-version":[{"id":775,"href":"https:\/\/ta-technika.eu\/en\/wp-json\/wp\/v2\/pages\/301\/revisions\/775"}],"up":[{"embeddable":true,"href":"https:\/\/ta-technika.eu\/en\/wp-json\/wp\/v2\/pages\/463"}],"wp:attachment":[{"href":"https:\/\/ta-technika.eu\/en\/wp-json\/wp\/v2\/media?parent=301"}],"curies":[{"name":"wp","href":"https:\/\/api.w.org\/{rel}","templated":true}]}}