{"id":248,"date":"2012-10-30T22:07:28","date_gmt":"2012-10-30T21:07:28","guid":{"rendered":"http:\/\/endriu.linuxpl.eu\/ta\/?page_id=248"},"modified":"2016-08-28T17:27:28","modified_gmt":"2016-08-28T16:27:28","slug":"strona-glowna","status":"publish","type":"page","link":"https:\/\/ta-technika.eu\/en\/","title":{"rendered":"Narz\u0119dziownia, obr\u00f3bka CNC"},"content":{"rendered":"<h2>Narz\u0119dzia Projekty Obr\u00f3bka CNC<\/h2>\n<h2>Specjalizujemy si\u0119 w obr\u00f3bce skrawaniem metali, frezowaniem CNC, toczeniem, produkcji oprzyrz\u0105dowania technologicznego, sprawdzian\u00f3w kszta\u0142tu detali i element\u00f3w maszyn.<\/h2>\n<h3><\/h3>\n","protected":false},"excerpt":{"rendered":"<p>Narz\u0119dzia Projekty Obr\u00f3bka CNC Specjalizujemy si\u0119 w obr\u00f3bce skrawaniem metali, frezowaniem CNC, toczeniem, produkcji oprzyrz\u0105dowania technologicznego, sprawdzian\u00f3w kszta\u0142tu detali i element\u00f3w maszyn.<\/p>\n","protected":false},"author":1,"featured_media":0,"parent":0,"menu_order":0,"comment_status":"closed","ping_status":"open","template":"page-templates\/template-business.php","meta":{"footnotes":""},"class_list":["post-248","page","type-page","status-publish","hentry"],"yoast_head":"<!-- This site is optimized with the Yoast SEO plugin v26.0 - https:\/\/yoast.com\/wordpress\/plugins\/seo\/ -->\n<title>Narz\u0119dziownia, obr\u00f3bka CNC - TA Technika s.c.<\/title>\n<meta name=\"robots\" content=\"index, follow, max-snippet:-1, max-image-preview:large, max-video-preview:-1\" \/>\n<link rel=\"canonical\" href=\"https:\/\/ta-technika.eu\/en\/\" \/>\n<meta property=\"og:locale\" content=\"en_US\" \/>\n<meta property=\"og:type\" content=\"article\" \/>\n<meta property=\"og:title\" content=\"Narz\u0119dziownia, obr\u00f3bka CNC - TA Technika s.c.\" \/>\n<meta property=\"og:description\" content=\"Narz\u0119dzia Projekty Obr\u00f3bka CNC Specjalizujemy si\u0119 w obr\u00f3bce skrawaniem metali, frezowaniem CNC, toczeniem, produkcji oprzyrz\u0105dowania technologicznego, sprawdzian\u00f3w kszta\u0142tu detali i element\u00f3w maszyn.\" \/>\n<meta property=\"og:url\" content=\"https:\/\/ta-technika.eu\/en\/\" \/>\n<meta property=\"og:site_name\" content=\"TA Technika s.c.\" \/>\n<meta property=\"article:modified_time\" content=\"2016-08-28T16:27:28+00:00\" \/>\n<meta name=\"twitter:card\" content=\"summary_large_image\" \/>\n<script type=\"application\/ld+json\" class=\"yoast-schema-graph\">{\"@context\":\"https:\/\/schema.org\",\"@graph\":[{\"@type\":\"WebPage\",\"@id\":\"https:\/\/ta-technika.eu\/en\/\",\"url\":\"https:\/\/ta-technika.eu\/en\/\",\"name\":\"Narz\u0119dziownia, obr\u00f3bka CNC - TA Technika s.c.\",\"isPartOf\":{\"@id\":\"https:\/\/ta-technika.eu\/en\/#website\"},\"datePublished\":\"2012-10-30T21:07:28+00:00\",\"dateModified\":\"2016-08-28T16:27:28+00:00\",\"breadcrumb\":{\"@id\":\"https:\/\/ta-technika.eu\/en\/#breadcrumb\"},\"inLanguage\":\"en-US\",\"potentialAction\":[{\"@type\":\"ReadAction\",\"target\":[[\"https:\/\/ta-technika.eu\/en\/\"]]}]},{\"@type\":\"BreadcrumbList\",\"@id\":\"https:\/\/ta-technika.eu\/en\/#breadcrumb\",\"itemListElement\":[{\"@type\":\"ListItem\",\"position\":1,\"name\":\"Strona g\u0142\u00f3wna\",\"item\":\"https:\/\/ta-technika.eu\/en\/\"},{\"@type\":\"ListItem\",\"position\":2,\"name\":\"Narz\u0119dziownia, obr\u00f3bka CNC\"}]},{\"@type\":\"WebSite\",\"@id\":\"https:\/\/ta-technika.eu\/en\/#website\",\"url\":\"https:\/\/ta-technika.eu\/en\/\",\"name\":\"TA Technika s.c.\",\"description\":\"Tools Projects CNC machining\",\"publisher\":{\"@id\":\"https:\/\/ta-technika.eu\/en\/#organization\"},\"potentialAction\":[{\"@type\":\"SearchAction\",\"target\":{\"@type\":\"EntryPoint\",\"urlTemplate\":\"https:\/\/ta-technika.eu\/en\/?s={search_term_string}\"},\"query-input\":{\"@type\":\"PropertyValueSpecification\",\"valueRequired\":true,\"valueName\":\"search_term_string\"}}],\"inLanguage\":\"en-US\"},{\"@type\":\"Organization\",\"@id\":\"https:\/\/ta-technika.eu\/en\/#organization\",\"name\":\"TA Technika s.c.\",\"url\":\"https:\/\/ta-technika.eu\/en\/\",\"logo\":{\"@type\":\"ImageObject\",\"inLanguage\":\"en-US\",\"@id\":\"https:\/\/ta-technika.eu\/en\/#\/schema\/logo\/image\/\",\"url\":\"https:\/\/ta-technika.eu\/wp-content\/uploads\/2015\/10\/Nowy-obraz-5.png\",\"contentUrl\":\"https:\/\/ta-technika.eu\/wp-content\/uploads\/2015\/10\/Nowy-obraz-5.png\",\"width\":747,\"height\":268,\"caption\":\"TA Technika s.c.\"},\"image\":{\"@id\":\"https:\/\/ta-technika.eu\/en\/#\/schema\/logo\/image\/\"}}]}<\/script>\n<!-- \/ Yoast SEO plugin. -->","yoast_head_json":{"title":"Narz\u0119dziownia, obr\u00f3bka CNC - TA Technika s.c.","robots":{"index":"index","follow":"follow","max-snippet":"max-snippet:-1","max-image-preview":"max-image-preview:large","max-video-preview":"max-video-preview:-1"},"canonical":"https:\/\/ta-technika.eu\/en\/","og_locale":"en_US","og_type":"article","og_title":"Narz\u0119dziownia, obr\u00f3bka CNC - TA Technika s.c.","og_description":"Narz\u0119dzia Projekty Obr\u00f3bka CNC Specjalizujemy si\u0119 w obr\u00f3bce skrawaniem metali, frezowaniem CNC, toczeniem, produkcji oprzyrz\u0105dowania technologicznego, sprawdzian\u00f3w kszta\u0142tu detali i element\u00f3w maszyn.","og_url":"https:\/\/ta-technika.eu\/en\/","og_site_name":"TA Technika s.c.","article_modified_time":"2016-08-28T16:27:28+00:00","twitter_card":"summary_large_image","schema":{"@context":"https:\/\/schema.org","@graph":[{"@type":"WebPage","@id":"https:\/\/ta-technika.eu\/en\/","url":"https:\/\/ta-technika.eu\/en\/","name":"Narz\u0119dziownia, obr\u00f3bka CNC - TA Technika s.c.","isPartOf":{"@id":"https:\/\/ta-technika.eu\/en\/#website"},"datePublished":"2012-10-30T21:07:28+00:00","dateModified":"2016-08-28T16:27:28+00:00","breadcrumb":{"@id":"https:\/\/ta-technika.eu\/en\/#breadcrumb"},"inLanguage":"en-US","potentialAction":[{"@type":"ReadAction","target":[["https:\/\/ta-technika.eu\/en\/"]]}]},{"@type":"BreadcrumbList","@id":"https:\/\/ta-technika.eu\/en\/#breadcrumb","itemListElement":[{"@type":"ListItem","position":1,"name":"Strona g\u0142\u00f3wna","item":"https:\/\/ta-technika.eu\/en\/"},{"@type":"ListItem","position":2,"name":"Narz\u0119dziownia, obr\u00f3bka CNC"}]},{"@type":"WebSite","@id":"https:\/\/ta-technika.eu\/en\/#website","url":"https:\/\/ta-technika.eu\/en\/","name":"TA Technika s.c.","description":"Tools Projects CNC machining","publisher":{"@id":"https:\/\/ta-technika.eu\/en\/#organization"},"potentialAction":[{"@type":"SearchAction","target":{"@type":"EntryPoint","urlTemplate":"https:\/\/ta-technika.eu\/en\/?s={search_term_string}"},"query-input":{"@type":"PropertyValueSpecification","valueRequired":true,"valueName":"search_term_string"}}],"inLanguage":"en-US"},{"@type":"Organization","@id":"https:\/\/ta-technika.eu\/en\/#organization","name":"TA Technika s.c.","url":"https:\/\/ta-technika.eu\/en\/","logo":{"@type":"ImageObject","inLanguage":"en-US","@id":"https:\/\/ta-technika.eu\/en\/#\/schema\/logo\/image\/","url":"https:\/\/ta-technika.eu\/wp-content\/uploads\/2015\/10\/Nowy-obraz-5.png","contentUrl":"https:\/\/ta-technika.eu\/wp-content\/uploads\/2015\/10\/Nowy-obraz-5.png","width":747,"height":268,"caption":"TA Technika s.c."},"image":{"@id":"https:\/\/ta-technika.eu\/en\/#\/schema\/logo\/image\/"}}]}},"_links":{"self":[{"href":"https:\/\/ta-technika.eu\/en\/wp-json\/wp\/v2\/pages\/248","targetHints":{"allow":["GET"]}}],"collection":[{"href":"https:\/\/ta-technika.eu\/en\/wp-json\/wp\/v2\/pages"}],"about":[{"href":"https:\/\/ta-technika.eu\/en\/wp-json\/wp\/v2\/types\/page"}],"author":[{"embeddable":true,"href":"https:\/\/ta-technika.eu\/en\/wp-json\/wp\/v2\/users\/1"}],"replies":[{"embeddable":true,"href":"https:\/\/ta-technika.eu\/en\/wp-json\/wp\/v2\/comments?post=248"}],"version-history":[{"count":12,"href":"https:\/\/ta-technika.eu\/en\/wp-json\/wp\/v2\/pages\/248\/revisions"}],"predecessor-version":[{"id":791,"href":"https:\/\/ta-technika.eu\/en\/wp-json\/wp\/v2\/pages\/248\/revisions\/791"}],"wp:attachment":[{"href":"https:\/\/ta-technika.eu\/en\/wp-json\/wp\/v2\/media?parent=248"}],"curies":[{"name":"wp","href":"https:\/\/api.w.org\/{rel}","templated":true}]}}