{"id":137,"date":"2012-02-21T20:35:30","date_gmt":"2012-02-21T19:35:30","guid":{"rendered":"http:\/\/endriu.linuxpl.eu\/ta\/?page_id=137"},"modified":"2017-12-18T21:02:11","modified_gmt":"2017-12-18T20:02:11","slug":"o-nas","status":"publish","type":"page","link":"https:\/\/ta-technika.eu\/en\/o-nas\/","title":{"rendered":"About us"},"content":{"rendered":"<p><\/p>\n<blockquote>\n<h3><span id=\"result_box\" class=\"\" lang=\"en\" tabindex=\"-1\"><span title=\"Nie daj si\u0119 wyprzedzi\u0107 konkurencji.\">Do not let the competition go out. <\/span><span title=\"Zaufaj profesjonalistom! \">Trust the professionals!<\/span><\/span><\/h3>\n<\/blockquote>\n<h3><span title=\"Narz\u0119dziownia TA Technika s.c.\">TA Technika s.c. <\/span><span title=\"\u015bwiadczy us\u0142ugi obr\u00f3bki metali wykorzystuj\u0105c technologi\u0119 sterowania numerycznego CNC. \">provides metalworking services using numerical CNC control technology.<\/span><\/h3>\n<p><span title=\"Swoje umiej\u0119tno\u015bci opieramy na bazie do\u015bwiadcze\u0144 w zakresie opracowywania technologii dla produkcji seryjnej, konstruowania narz\u0119dzi oraz detali.\">We base our skills on the basis of experience in the field of technology development for serial production, construction of tools and details. <\/span><span title=\"Nasze do\u015bwiadczenie bazuje r\u00f3wnie\u017c na prowadzonych projektach w bran\u017cy motoryzacyjnej dla odbiorc\u00f3w w kraju oraz zagranic\u0105. \">Our experience is also based on ongoing projects in the automotive industry for customers in the country and abroad.<\/span><\/p>\n<p><span title=\"TA Technika to sp\u00f3\u0142ka, kt\u00f3rej g\u0142\u00f3wnym zadaniem jest dostarczanie wysokiej jako\u015bci produkt\u00f3w i oprzyrz\u0105dowania. \"><strong>TA Technika<\/strong> is a company whose main task is to provide high quality products and equipment.<\/span><\/p>\n<p><span title=\"Dla Nas nie obce s\u0105 terminy Lean Manufacturing, poka-yoke, SMED, czy inne bli\u017cej zwi\u0105zane z norm\u0105 ISO\/TS 16949:2002 oraz VDA.6.3. \">For us, the terms Lean Manufacturing, poka-yoke, SMED, or other related to<strong> ISO \/ TS 16949: 2002<\/strong> and <strong>VDA.6.3<\/strong> are known very well.<\/span><\/p>\n<p><span title=\"Nawi\u0105zuj\u0105c wsp\u00f3\u0142prac\u0119 z Nami otrzymujesz gwarancj\u0119 wsp\u00f3\u0142pracy na najwy\u017cszym poziomie.\">By establishing cooperation with us, you receive a guarantee of cooperation at the highest level. <\/span><span title=\"Nasze do\u015bwiadczenie pokaza\u0142o, \u017ce narz\u0119dzia Lean bardzo dobrze spisuj\u0105 si\u0119 r\u00f3wnie\u017c w innych ga\u0142\u0119ziach przemys\u0142u. \">Our experience has shown that Lean tools perform very well in other branches of industry.<\/span><\/p>\n<p><span title=\"Zale\u017cy nam na zadowoleniu Klient\u00f3w, dlatego zawsze robimy wszystko, aby dobrze zrozumie\u0107 ich oczekiwania.\">We care about customer satisfaction, that&#8217;s why we always do everything to understand their expectations well. <\/span><span title=\"Tym sposobem mo\u017cemy wybra\u0107 optymalne rozwi\u0105zania, skutecznie pracuj\u0105c na obustronny sukces i satysfakcj\u0119. \">In this way, we can choose optimal solutions, effectively working on mutual success and satisfaction.<\/span><\/p>\n<p><span title=\"Oferujemy r\u00f3wnie\u017c obr\u00f3bk\u0119 CNC z wykorzystaniem frezarki CNC, tokarki, szlifierki a tak\u017ce elektrodr\u0105\u017carki drutowej.\">We also offer CNC machining using a CNC milling machine, lathes, grinders and a wire EDM machine. <\/span><span title=\"Zach\u0119camy do zapoznania si\u0119 z Naszym parkiem maszynowym w zak\u0142adce Wyposa\u017cenie.\">We encourage you to familiarize yourself with our machinery park in the <a href=\"https:\/\/ta-technika.eu\/wyposazenie\/\"><strong>Equipment<\/strong><\/a> tab.<\/span><\/p>\n<h3><span class=\"\" lang=\"en\" tabindex=\"-1\"><span class=\"\">Why no to cooperate with us?<\/span><\/span><\/h3>\n<ol>\n<li><span class=\"\">We work as a <strong>proven partner for many companies in Poland and abroad<\/strong>.<\/span> <span class=\"\">Our activities are based on transparent rules.<\/span> The advantages that we value the most are punctuality.<\/li>\n<li><span class=\"\">We have <strong>experience<\/strong> in the field of metal and plastic processing.<\/span><\/li>\n<li><span class=\"\">One of the company&#8217;s most valuable resources is <strong>qualified engineering and technical staff<\/strong> and production employees.<\/span> We offer the<strong> opportunity to design<\/strong> in your own office.<\/li>\n<li><span class=\"\">We guarantee <strong>excellent product quality<\/strong> while maintaining a reasonable price.<\/span><\/li>\n<li><strong><span class=\"\">We provide full service of orders: from design through execution, transport to customer, assembly, warranty and post-warranty service.<\/span><\/strong><\/li>\n<\/ol>\n<p>&nbsp;<\/p>","protected":false},"excerpt":{"rendered":"<p>Najlepszy spos\u00f3b na osi\u0105gni\u0119cie sukcesu to post\u0119powa\u0107 wed\u0142ug rad, kt\u00f3re dajemy innym.<br \/>\nHarold Taylor<\/p>\n","protected":false},"author":1,"featured_media":473,"parent":0,"menu_order":0,"comment_status":"closed","ping_status":"open","template":"","meta":{"footnotes":""},"class_list":["post-137","page","type-page","status-publish","has-post-thumbnail","hentry"],"yoast_head":"<!-- This site is optimized with the Yoast SEO plugin v26.0 - https:\/\/yoast.com\/wordpress\/plugins\/seo\/ -->\n<title>About us - TA Technika s.c.<\/title>\n<meta name=\"robots\" content=\"index, follow, max-snippet:-1, max-image-preview:large, max-video-preview:-1\" \/>\n<link rel=\"canonical\" href=\"https:\/\/ta-technika.eu\/en\/o-nas\/\" \/>\n<meta property=\"og:locale\" content=\"en_US\" \/>\n<meta property=\"og:type\" content=\"article\" \/>\n<meta property=\"og:title\" content=\"About us - TA Technika s.c.\" \/>\n<meta property=\"og:description\" content=\"Najlepszy spos\u00f3b na osi\u0105gni\u0119cie sukcesu to post\u0119powa\u0107 wed\u0142ug rad, kt\u00f3re dajemy innym. Harold Taylor\" \/>\n<meta property=\"og:url\" content=\"https:\/\/ta-technika.eu\/en\/o-nas\/\" \/>\n<meta property=\"og:site_name\" content=\"TA Technika s.c.\" \/>\n<meta property=\"article:modified_time\" content=\"2017-12-18T20:02:11+00:00\" \/>\n<meta property=\"og:image\" content=\"https:\/\/ta-technika.eu\/wp-content\/uploads\/2012\/11\/DSC_9930a.png\" \/>\n\t<meta property=\"og:image:width\" content=\"941\" \/>\n\t<meta property=\"og:image:height\" content=\"200\" \/>\n\t<meta property=\"og:image:type\" content=\"image\/png\" \/>\n<meta name=\"twitter:card\" content=\"summary_large_image\" \/>\n<meta name=\"twitter:label1\" content=\"Est. reading time\" \/>\n\t<meta name=\"twitter:data1\" content=\"3 minutes\" \/>\n<script type=\"application\/ld+json\" class=\"yoast-schema-graph\">{\"@context\":\"https:\/\/schema.org\",\"@graph\":[{\"@type\":\"WebPage\",\"@id\":\"https:\/\/ta-technika.eu\/en\/o-nas\/\",\"url\":\"https:\/\/ta-technika.eu\/en\/o-nas\/\",\"name\":\"About us - TA Technika s.c.\",\"isPartOf\":{\"@id\":\"https:\/\/ta-technika.eu\/en\/#website\"},\"primaryImageOfPage\":{\"@id\":\"https:\/\/ta-technika.eu\/en\/o-nas\/#primaryimage\"},\"image\":{\"@id\":\"https:\/\/ta-technika.eu\/en\/o-nas\/#primaryimage\"},\"thumbnailUrl\":\"https:\/\/ta-technika.eu\/wp-content\/uploads\/2012\/11\/DSC_9930a.png\",\"datePublished\":\"2012-02-21T19:35:30+00:00\",\"dateModified\":\"2017-12-18T20:02:11+00:00\",\"breadcrumb\":{\"@id\":\"https:\/\/ta-technika.eu\/en\/o-nas\/#breadcrumb\"},\"inLanguage\":\"en-US\",\"potentialAction\":[{\"@type\":\"ReadAction\",\"target\":[[\"https:\/\/ta-technika.eu\/en\/o-nas\/\"]]}]},{\"@type\":\"ImageObject\",\"inLanguage\":\"en-US\",\"@id\":\"https:\/\/ta-technika.eu\/en\/o-nas\/#primaryimage\",\"url\":\"https:\/\/ta-technika.eu\/wp-content\/uploads\/2012\/11\/DSC_9930a.png\",\"contentUrl\":\"https:\/\/ta-technika.eu\/wp-content\/uploads\/2012\/11\/DSC_9930a.png\",\"width\":941,\"height\":200},{\"@type\":\"BreadcrumbList\",\"@id\":\"https:\/\/ta-technika.eu\/en\/o-nas\/#breadcrumb\",\"itemListElement\":[{\"@type\":\"ListItem\",\"position\":1,\"name\":\"Strona g\u0142\u00f3wna\",\"item\":\"https:\/\/ta-technika.eu\/en\/\"},{\"@type\":\"ListItem\",\"position\":2,\"name\":\"O nas\"}]},{\"@type\":\"WebSite\",\"@id\":\"https:\/\/ta-technika.eu\/en\/#website\",\"url\":\"https:\/\/ta-technika.eu\/en\/\",\"name\":\"TA Technika s.c.\",\"description\":\"Tools Projects CNC machining\",\"publisher\":{\"@id\":\"https:\/\/ta-technika.eu\/en\/#organization\"},\"potentialAction\":[{\"@type\":\"SearchAction\",\"target\":{\"@type\":\"EntryPoint\",\"urlTemplate\":\"https:\/\/ta-technika.eu\/en\/?s={search_term_string}\"},\"query-input\":{\"@type\":\"PropertyValueSpecification\",\"valueRequired\":true,\"valueName\":\"search_term_string\"}}],\"inLanguage\":\"en-US\"},{\"@type\":\"Organization\",\"@id\":\"https:\/\/ta-technika.eu\/en\/#organization\",\"name\":\"TA Technika s.c.\",\"url\":\"https:\/\/ta-technika.eu\/en\/\",\"logo\":{\"@type\":\"ImageObject\",\"inLanguage\":\"en-US\",\"@id\":\"https:\/\/ta-technika.eu\/en\/#\/schema\/logo\/image\/\",\"url\":\"https:\/\/ta-technika.eu\/wp-content\/uploads\/2015\/10\/Nowy-obraz-5.png\",\"contentUrl\":\"https:\/\/ta-technika.eu\/wp-content\/uploads\/2015\/10\/Nowy-obraz-5.png\",\"width\":747,\"height\":268,\"caption\":\"TA Technika s.c.\"},\"image\":{\"@id\":\"https:\/\/ta-technika.eu\/en\/#\/schema\/logo\/image\/\"}}]}<\/script>\n<!-- \/ Yoast SEO plugin. -->","yoast_head_json":{"title":"About us - TA Technika s.c.","robots":{"index":"index","follow":"follow","max-snippet":"max-snippet:-1","max-image-preview":"max-image-preview:large","max-video-preview":"max-video-preview:-1"},"canonical":"https:\/\/ta-technika.eu\/en\/o-nas\/","og_locale":"en_US","og_type":"article","og_title":"About us - TA Technika s.c.","og_description":"Najlepszy spos\u00f3b na osi\u0105gni\u0119cie sukcesu to post\u0119powa\u0107 wed\u0142ug rad, kt\u00f3re dajemy innym. Harold Taylor","og_url":"https:\/\/ta-technika.eu\/en\/o-nas\/","og_site_name":"TA Technika s.c.","article_modified_time":"2017-12-18T20:02:11+00:00","og_image":[{"width":941,"height":200,"url":"https:\/\/ta-technika.eu\/wp-content\/uploads\/2012\/11\/DSC_9930a.png","type":"image\/png"}],"twitter_card":"summary_large_image","twitter_misc":{"Est. reading time":"3 minutes"},"schema":{"@context":"https:\/\/schema.org","@graph":[{"@type":"WebPage","@id":"https:\/\/ta-technika.eu\/en\/o-nas\/","url":"https:\/\/ta-technika.eu\/en\/o-nas\/","name":"About us - TA Technika s.c.","isPartOf":{"@id":"https:\/\/ta-technika.eu\/en\/#website"},"primaryImageOfPage":{"@id":"https:\/\/ta-technika.eu\/en\/o-nas\/#primaryimage"},"image":{"@id":"https:\/\/ta-technika.eu\/en\/o-nas\/#primaryimage"},"thumbnailUrl":"https:\/\/ta-technika.eu\/wp-content\/uploads\/2012\/11\/DSC_9930a.png","datePublished":"2012-02-21T19:35:30+00:00","dateModified":"2017-12-18T20:02:11+00:00","breadcrumb":{"@id":"https:\/\/ta-technika.eu\/en\/o-nas\/#breadcrumb"},"inLanguage":"en-US","potentialAction":[{"@type":"ReadAction","target":[["https:\/\/ta-technika.eu\/en\/o-nas\/"]]}]},{"@type":"ImageObject","inLanguage":"en-US","@id":"https:\/\/ta-technika.eu\/en\/o-nas\/#primaryimage","url":"https:\/\/ta-technika.eu\/wp-content\/uploads\/2012\/11\/DSC_9930a.png","contentUrl":"https:\/\/ta-technika.eu\/wp-content\/uploads\/2012\/11\/DSC_9930a.png","width":941,"height":200},{"@type":"BreadcrumbList","@id":"https:\/\/ta-technika.eu\/en\/o-nas\/#breadcrumb","itemListElement":[{"@type":"ListItem","position":1,"name":"Strona g\u0142\u00f3wna","item":"https:\/\/ta-technika.eu\/en\/"},{"@type":"ListItem","position":2,"name":"O nas"}]},{"@type":"WebSite","@id":"https:\/\/ta-technika.eu\/en\/#website","url":"https:\/\/ta-technika.eu\/en\/","name":"TA Technika s.c.","description":"Tools Projects CNC machining","publisher":{"@id":"https:\/\/ta-technika.eu\/en\/#organization"},"potentialAction":[{"@type":"SearchAction","target":{"@type":"EntryPoint","urlTemplate":"https:\/\/ta-technika.eu\/en\/?s={search_term_string}"},"query-input":{"@type":"PropertyValueSpecification","valueRequired":true,"valueName":"search_term_string"}}],"inLanguage":"en-US"},{"@type":"Organization","@id":"https:\/\/ta-technika.eu\/en\/#organization","name":"TA Technika s.c.","url":"https:\/\/ta-technika.eu\/en\/","logo":{"@type":"ImageObject","inLanguage":"en-US","@id":"https:\/\/ta-technika.eu\/en\/#\/schema\/logo\/image\/","url":"https:\/\/ta-technika.eu\/wp-content\/uploads\/2015\/10\/Nowy-obraz-5.png","contentUrl":"https:\/\/ta-technika.eu\/wp-content\/uploads\/2015\/10\/Nowy-obraz-5.png","width":747,"height":268,"caption":"TA Technika s.c."},"image":{"@id":"https:\/\/ta-technika.eu\/en\/#\/schema\/logo\/image\/"}}]}},"_links":{"self":[{"href":"https:\/\/ta-technika.eu\/en\/wp-json\/wp\/v2\/pages\/137","targetHints":{"allow":["GET"]}}],"collection":[{"href":"https:\/\/ta-technika.eu\/en\/wp-json\/wp\/v2\/pages"}],"about":[{"href":"https:\/\/ta-technika.eu\/en\/wp-json\/wp\/v2\/types\/page"}],"author":[{"embeddable":true,"href":"https:\/\/ta-technika.eu\/en\/wp-json\/wp\/v2\/users\/1"}],"replies":[{"embeddable":true,"href":"https:\/\/ta-technika.eu\/en\/wp-json\/wp\/v2\/comments?post=137"}],"version-history":[{"count":8,"href":"https:\/\/ta-technika.eu\/en\/wp-json\/wp\/v2\/pages\/137\/revisions"}],"predecessor-version":[{"id":1030,"href":"https:\/\/ta-technika.eu\/en\/wp-json\/wp\/v2\/pages\/137\/revisions\/1030"}],"wp:featuredmedia":[{"embeddable":true,"href":"https:\/\/ta-technika.eu\/en\/wp-json\/wp\/v2\/media\/473"}],"wp:attachment":[{"href":"https:\/\/ta-technika.eu\/en\/wp-json\/wp\/v2\/media?parent=137"}],"curies":[{"name":"wp","href":"https:\/\/api.w.org\/{rel}","templated":true}]}}